{"id":207,"date":"2014-03-04T15:58:33","date_gmt":"2014-03-04T15:58:33","guid":{"rendered":"http:\/\/aprendawordpress.com.br\/blog\/?page_id=207"},"modified":"2023-07-01T12:22:24","modified_gmt":"2023-07-01T12:22:24","slug":"sobre-mim","status":"publish","type":"page","link":"https:\/\/www.petroblog.com.br\/?page_id=207","title":{"rendered":"Sobre o petroblog"},"content":{"rendered":"<p><strong>Prop\u00f3sito do petroblog<\/strong><\/p>\n<h4>H\u00e1 j\u00e1 algum tempo, a Petrobras tornou p\u00fablica suas Normas T\u00e9cnicas, disponibilizando a utiliza\u00e7\u00e3o dessas normas a todos os interessados, no site da pr\u00f3pria Petrobras.<\/h4>\n<h4>https:\/\/canalfornecedor.petrobras.com.br\/pt\/regras-de-contratacao\/catalogo-de-padronizacao\/#especificacoes-tecnicas<\/h4>\n<h4>A Petrobras \u00e9 uma conquista do povo brasileiro, por isso n\u00e3o somente o &#8220;petr\u00f3leo \u00e9 nosso&#8221; mas tamb\u00e9m o conhecimento que desenvolvemos s\u00e3o, por direito, dos brasileiros.<\/h4>\n<h4>Evidentemente, a Petrobras sendo uma empresa multinacional h\u00e1 a competi\u00e7\u00e3o \u00a0com os mercados e as petroleiras externas, assim existem os desenvolvimentos que requerem o sigilo e outros que j\u00e1 est\u00e3o em dom\u00ednio p\u00fablico.<\/h4>\n<h4>Com este esp\u00edrito, eu como funcion\u00e1rio-aposentado da Petrobras assumi o mesmo prop\u00f3sito, tornar p\u00fablicos os conhecimentos e as experi\u00eancias, que acumulei durante as minhas atividades quando na ativa, para an\u00e1lise e utiliza\u00e7\u00e3o dos interessados.<\/h4>\n<h4>Disponibilizo este conte\u00fado de propriedade intelectual, de forma totalmente gratuita, por acreditar que o conhecimento deve ser acess\u00edvel e livre a toda pessoa que se interessar.<\/h4>\n<h4>Neste blog pretendo divulgar os principais trabalhos de que participei sobre projeto, fabrica\u00e7\u00e3o e manuten\u00e7\u00e3o de equipamentos de caldeiraria e sistemas de tubula\u00e7\u00f5es, utilizados nas instala\u00e7\u00f5es de \u00f3leo &amp; g\u00e1s, de refinarias de petr\u00f3leo, petroqu\u00edmicas e termel\u00e9tricas.<\/h4>\n<h4>Os v\u00e1rios amigos que de alguma forma contribu\u00edram com esses trabalhos s\u00e3o mencionados e identificados.<\/h4>\n<h4>Essas recomenda\u00e7\u00f5es visam seguran\u00e7a e disponibilidade operacional.<\/h4>\n<h4><em><strong>A utiliza\u00e7\u00e3o dessas informa\u00e7\u00f5es \u00e9 de total responsabilidade do visitante ou usu\u00e1rio ou consultante, n\u00e3o respondendo o administrador e criador do petroblog ou mesmo os contribuintes mencionados, por qualquer bom ou mau resultado na aplica\u00e7\u00e3o total ou parcial de seu conte\u00fado.\u00a0<\/strong><\/em><\/h4>\n<h4><em><strong>Os programas de c\u00e1lculo apresentados devem ser utilizados com parcim\u00f4nia, em car\u00e1ter de pr\u00e9-dimensionamento, pois carecem de valida\u00e7\u00e3o oficial comprovada.<\/strong><\/em><\/h4>\n<h4><em><strong>Autorizo a reprodu\u00e7\u00e3o e divulga\u00e7\u00e3o total ou parcial dos trabalhos, por qualquer meio convencional ou eletr\u00f4nico, para fins de estudo e pesquisa, desde que citada a fonte.<\/strong><\/em><\/h4>\n<h4><strong><em>Voc\u00ea pode usar e compartilhar este conte\u00fado desde que credite o autor e o ve\u00edculo original do mesmo.<\/em><\/strong><\/h4>\n<h4><em><b>Qualquer nome comercial usado neste documento \u00e9 uma informa\u00e7\u00e3o fornecida para conveni\u00eancia dos usu\u00e1rios e n\u00e3o constitui um endosso.<\/b><\/em><\/h4>\n<h4>Agrade\u00e7o a todos os amigos da Petrobras, com que convivi durante esses v\u00e1rios anos, particularmente aos que autorizaram a inclus\u00e3o dos importantes trabalhos t\u00e9cnicos \u00a0que desenvolveram. Tamb\u00e9m aos amigos nas v\u00e1rias empresas, nacionais e internacionais, com quem tive a oportunidade de acompanhar, tecnicamente, os fornecimentos de equipamentos e as presta\u00e7\u00f5es de servi\u00e7os. Por fim agrade\u00e7o a Deus-meu Criador e Pai, a Maria-minha M\u00e3e Celeste e aos meus pais que me proporcionaram a oportunidade de trabalhar em uma empresa, genuinamente nacional, e digna de todo o respeito dos brasileiros: a Petrobras.<\/h4>\n<h4><\/h4>\n<h4><strong>Quem sou eu: administrador e criador do p<\/strong><b>etroblog.<\/b><strong>?<\/strong><\/h4>\n<h4><strong>Nome: Jo\u00e3o Bosco Santini Pereira<\/strong><\/h4>\n<h4><strong>\u00a0<\/strong><strong>Forma\u00e7\u00e3o<\/strong><\/h4>\n<h4>Obtive o meu grau de engenheira mec\u00e2nica, cursando a Faculdade de Engenharia, da Universidade Federal do Rio de Janeiro-UFRJ, de 1965 a 1969, na Ilha do Fund\u00e3o, cidade de Rio de Janeiro.<\/h4>\n<h4>Com a aprova\u00e7\u00e3o e classifica\u00e7\u00e3o no concurso nacional para a Petrobras, sendo admitido em 30\/Janeiro\/1970, iniciei minha vida profissional, cursando o curso de forma\u00e7\u00e3o de engenheiros CENEQ-Curso de Engenharia de Equipamentos da Petrobras, na cidade do Rio de Janeiro, durante o ano de 1970.<\/h4>\n<h4>Eu morei em Jacarepagu\u00e1 , na d\u00e9cada de 50, na Pra\u00e7a Seca (rua Baronesa), fiz o prim\u00e1rio na Escola Honduras (na Pra\u00e7a Seca), Fui coroinha na Igreja N\u00aa Sr\u00aa do do Sagrado Cora\u00e7\u00e3o, tamb\u00e9m na Pra\u00e7a Seca (rua Bar\u00e3o)\u00c7 Depois mudei para a Freguesia (Estrada do Gabinal, final\u00a0 da d\u00e9cada de 50. Frequentei a Igreja de N\u00aa Sr\u00aa do Loreto, andei muito de bonde, da Freguesia at\u00e9 a escola na Pra\u00e7a Seca. A\u00ed mudei para a Taquara (rua Gal. Miguel Ferreira) e fiz o gin\u00e1sio e o cient\u00edfico no Col\u00e9gio estadual Brigadeiro Schorcht, na \u00e9poca em que a diretora era a profa, Henriette Amado, esposa do criador da TV educativa Gilson Amado. Nessa \u00e9poca fui Congregado Mariano na Igreja de Santo Ant\u00f4nio Maria Zaccaria, no Tanque. Fiz todo o curso de engenharia, na ENE, ilha do Fund\u00e3o, ainda morando na Taquara. S\u00f3 sa\u00ed de l\u00e1 em 1977, quando me casei.<\/h4>\n<h4><a href=\"https:\/\/www.petroblog.com.br\/wp-content\/uploads\/ENE-1969-Foto-dos-formandos.docx\">ENE 1969 &#8211; Foto dos formandos<\/a><\/h4>\n<h4><strong>In\u00edcio na Petrobras\/REDUC<\/strong><\/h4>\n<h4>Em seguida, fui trabalhar como engenheiro de projetos, na Refinaria Duque de Caxias \u2013 REDUC, no munic\u00edpio de Duque de Caxias, no Estado do Rio de Janeiro, na Divis\u00e3o de Engenharia Geral (DIVEG), no Setor de Projetos de Engenharia (SEPEN), de 1970 a 1977.<\/h4>\n<h4>L\u00e1 participei de in\u00fameros projetos de tanques de armazenamento, vasos de press\u00e3o e dos seus sistemas de tubula\u00e7\u00e3o, destacando-se os seguintes principais trabalhos:<\/h4>\n<ul>\n<li>\n<h4>Projeto e acompanhamento da instala\u00e7\u00e3o da Tocha do Conjunto I de Lubrificante<\/h4>\n<\/li>\n<li>\n<h4>Reconstru\u00e7\u00e3o do Parque de Esferas de armazenamento de gases<\/h4>\n<\/li>\n<li>\n<h4>Constru\u00e7\u00e3o do Parque de Tancagem de derivados leves de petr\u00f3leo<\/h4>\n<\/li>\n<li>\n<h4>Implanta\u00e7\u00e3o da nova Caldeira de CO da UFCC da REDUC<\/h4>\n<\/li>\n<li>\n<h4>Instrutor da disciplina de Tanques de Armazenamento no curso de forma\u00e7\u00e3o de novos engenheiros de processamento<\/h4>\n<\/li>\n<\/ul>\n<h4><strong>Per\u00edodo no Petrobras\/CENPES<\/strong><\/h4>\n<h4>Durante 1978 trabalhei no Edif\u00edcio Sede da Petrobras-EDISE, no DEPIN-Departamento Industrial, DENGE \u2013 Divis\u00e3o de Engenharia, SEPROJ-Setor de Projetos, participando de v\u00e1rios projetos de detalhamento de tubula\u00e7\u00f5es, em apoio \u00e0s refinarias do sistema Petrobras.<\/h4>\n<h4>Por\u00e9m, ainda em 1978, com a cria\u00e7\u00e3o da Superintend\u00eancia de Engenharia B\u00e1sica-SUPEN, no CENPES-Centro de Pesquisas da Petrobras, na Ilha do Fund\u00e3o, na cidade do Rio de Janeiro, fui trabalhar na DIPROM-Divis\u00e3o de Projeto Mec\u00e2nico, SEVAP-Setor de Vasos de Press\u00e3o e Tubula\u00e7\u00f5es, onde permaneci at\u00e9 1994.<\/h4>\n<h4>Neste per\u00edodo, de 1978 a 1994, trabalhei como engenheiro de projetos mec\u00e2nicos e de 1984 a 1994 acumulei a chefia do SEVAP.<\/h4>\n<h4>Foi um per\u00edodo de especializa\u00e7\u00e3o e participa\u00e7\u00e3o em v\u00e1rios projetos b\u00e1sicos, destacando-se:<\/h4>\n<ul>\n<li>\n<h4>Transfer\u00eancia de Tecnologia de Unidades de Produ\u00e7\u00e3o de Eteno nas instala\u00e7\u00f5es do IFP-Instituto Franc\u00eas de Petr\u00f3leo e na projetista TECHNIP na Fran\u00e7a<\/h4>\n<\/li>\n<li>\n<h4>Transfer\u00eancia de Tecnologia de Fornos Petroqu\u00edmicos de produ\u00e7\u00e3o de ETENO nas instala\u00e7\u00f5es da KTI na Holanda<\/h4>\n<\/li>\n<li>\n<h4>Transfer\u00eancia de Tecnologia em UFCC &#8211; Unidade de Craqueamento Catal\u00edtico Fluidizado com a Empresa de Projeto e Tecnologia KELLOGG<\/h4>\n<\/li>\n<li>\n<h4>Transfer\u00eancia de Tecnologia em UCR &#8211; Unidade de Coqueamento Retardado com a Empresa de Projeto e Tecnologia KELLOGG<\/h4>\n<\/li>\n<li>\n<h4>Transfer\u00eancia de Tecnologia em Unidades de Hidrotratamento com a Empresa de Projeto TECHNIP.<\/h4>\n<\/li>\n<li>\n<h4>Participa\u00e7\u00e3o no projeto mec\u00e2nico e sistemas de tubula\u00e7\u00e3o de uma Unidade de Produ\u00e7\u00e3o de Eteno a partir de Nafta<\/h4>\n<\/li>\n<li>\n<h4>Participa\u00e7\u00e3o no projeto mec\u00e2nico e sistemas de tubula\u00e7\u00e3o de uma Unidade de Craqueamento Catal\u00edtico Fluidizado para a REFAP<\/h4>\n<\/li>\n<li>\n<h4>Participa\u00e7\u00e3o no projeto mec\u00e2nico e sistemas de tubula\u00e7\u00e3o de uma Unidade de Coqueamento Retardado para a REGAP<\/h4>\n<\/li>\n<li>\n<h4>Coordena\u00e7\u00e3o e participa\u00e7\u00e3o no projeto de \u201crevamp\u201d de todos os equipamentos da Se\u00e7\u00e3o de Convers\u00e3o as UFCCs do Refino<\/h4>\n<\/li>\n<li>\n<h4>Confec\u00e7\u00e3o dos Manuais de Projeto dos equipamentos da Se\u00e7\u00e3o de Convers\u00e3o de UFCC: Ciclones de separa\u00e7\u00e3o e coleta de p\u00f3 de catalisador contido nos gases do Regenerador e do Vaso Separador, Distribuidor de ar \u201cpipe grids\u201d, C\u00e2mara de Pratos de Orif\u00edcios; V\u00e1lvulas \u201cslide valves\u201d<\/h4>\n<\/li>\n<li>\n<h4>Gerente do Setor de Equipamentos de Caldeiraria da Divis\u00e3o de Projetos Mec\u00e2nicos da Superintend\u00eancia de Engenharia B\u00e1sica do CENPES.<\/h4>\n<\/li>\n<\/ul>\n<h4><strong>Per\u00edodo no Petrobras\/EDISE &#8211; Edif\u00edcio Sede da Petrobras <\/strong><\/h4>\n<h4>Em 1994 voltei a trabalhar na Sede da Petrobras, no \u00f3rg\u00e3o Abastecimento-Refino, que coordena todas as Refinarias da Petrobras, at\u00e9 23\/Mar\u00e7o\/2015, quando me aposentei.<\/h4>\n<h4>Nesse per\u00edodo, trabalhei no apoio t\u00e9cnico \u00e0s refinarias da Petrobras, no Brasil e no exterior, para solu\u00e7\u00e3o de problemas operacionais e em emerg\u00eancias; no suporte \u00e0 constru\u00e7\u00e3o de novos empreendimentos industriais; na participa\u00e7\u00e3o da confec\u00e7\u00e3o e revis\u00e3o das normas t\u00e9cnicas da Petrobras; como instrutor nos cursos de forma\u00e7\u00e3o; com destaque para:<\/h4>\n<ul>\n<li>\n<h4>Participa\u00e7\u00e3o em Grupo de Trabalho Multifuncional integrando as Refinarias com a TRANSPETRO, na avalia\u00e7\u00e3o da seguran\u00e7a de uso de dutos de PEAD \u2013 Polietileno de Alta Densidade para condu\u00e7\u00e3o e transporte de diese, gasolina e \u00e1lcool<\/h4>\n<\/li>\n<li>\n<h4>Participa\u00e7\u00e3o em Grupo de Trabalho para avalia\u00e7\u00e3o das condi\u00e7\u00f5es de falha se v\u00e1lvulas especiais de UFCCs<\/h4>\n<\/li>\n<li>\n<h4>Participa\u00e7\u00e3o em Grupo de Trabalho para reprojeto da tancagem a Unidade de \u00c1guas \u00c1cidas<\/h4>\n<\/li>\n<li>\n<h4>Participa\u00e7\u00e3o em Grupo de Trabalho para avalia\u00e7\u00e3o da v\u00e1lvula especial e da junta de expans\u00e3o, que falharam em opera\u00e7\u00e3o, na UFCC.<\/h4>\n<\/li>\n<li>\n<h4>Participa\u00e7\u00e3o em Grupo de Trabalho para redu\u00e7\u00e3o dos Custos de Fornos de Processo<\/h4>\n<\/li>\n<li>\n<h4>Participa\u00e7\u00e3o em Grupo de Trabalho para Avalia\u00e7\u00e3o T\u00e9cnica e Valora\u00e7\u00e3o Econ\u00f4mica de refinarias no exterior:<\/h4>\n<ul>\n<li>\n<h4>Bol\u00edvia\/Cochabamba e Santa Cruz de La Sierra<\/h4>\n<\/li>\n<li>\n<h4>Argentina: Miss\u00e3o REPSOL YPF EG3 e Tancagem de DOCKSUD<\/h4>\n<\/li>\n<li>\n<h4>Cuba: Refinaria de Camilo Cienfuegos da CUPEP<\/h4>\n<\/li>\n<li>\n<h4>Estados Unidos: ORION Refinery Co<\/h4>\n<\/li>\n<\/ul>\n<\/li>\n<li>\n<h4>Aprova\u00e7\u00e3o do projeto de v\u00e1lvulas especiais de controle tipo \u201cslide valve\u201d de UFCCs para a REPLAN, na f\u00e1brica do fabricante REMOSA SpA, na It\u00e1lia<\/h4>\n<\/li>\n<li>\n<h4>Coordena\u00e7\u00e3o da realiza\u00e7\u00e3o dos ENCATs- Encontros T\u00e9cnicos de Caldeiraria e Tubula\u00e7\u00e3o da Petrobras, desde 1994 at\u00e9 2014<\/h4>\n<\/li>\n<li>\n<h4>Avalia\u00e7\u00e3o T\u00e9cnica de Qualidade de Fabricantes fornecedores da Petrobras:<\/h4>\n<ul>\n<li>\n<h4>No Brasil as f\u00e1bricas de: ADTECH, ATLAS, BARDELA, DEDINI, DELP, NUCLEP, TROCALOR.<\/h4>\n<\/li>\n<li>\n<h4>No exterior as f\u00e1bricas de: MANGIAROTTI \u2013 It\u00e1lia, WALTER TOSTO \u2013 It\u00e1lia, ATB \u2013 It\u00e1lia, ANSALDO \u2013 It\u00e1lia, ZANON \u2013 It\u00e1lia, COMETARSA \u2013 na Argentina<\/h4>\n<\/li>\n<\/ul>\n<\/li>\n<li>\n<h4>Coordenador do programa PROMINP da instala\u00e7\u00e3o de um Laborat\u00f3rio de Testes e Certifica\u00e7\u00e3o de PSVs &#8211; V\u00e1lvulas de Al\u00edvio e Seguran\u00e7a no IPT-S\u00e3o Paulo<\/h4>\n<\/li>\n<li>\n<h4>Treinamento no Laborat\u00f3rio de Testes de PSVs da empresa fabricante LESER na Alemanha<\/h4>\n<\/li>\n<li>\n<h4>Participa\u00e7\u00e3o do desenvolvimento de novos fornecedores equipamentos da Petrobras:<\/h4>\n<ul>\n<li>\n<h4>ADTECH\u2013Resfriadores a ar,<\/h4>\n<\/li>\n<li>\n<h4>JARAGU\u00c1 e USIMINAS \u2013 Esferas de g\u00e1s,<\/h4>\n<\/li>\n<li>\n<h4>MANGIAROTTI \u00a0e WALTER TOSTO \u2013 Tambores de Coqueamento Retardado<\/h4>\n<\/li>\n<\/ul>\n<\/li>\n<li>\n<h4>Participa\u00e7\u00e3o como membro efetivo da Comiss\u00e3o de Normaliza\u00e7\u00e3o de Caldeiraria Petrobras<\/h4>\n<\/li>\n<li>\n<h4>Respons\u00e1vel pela elabora\u00e7\u00e3o das Diretrizes T\u00e9cnicas da Petrobras para as atividades de projeto de Vasos de Press\u00e3o e Sistemas de Tubula\u00e7\u00f5es Industriais<\/h4>\n<\/li>\n<li>\n<h4>Coordenador do Grupo de Trabalho de defini\u00e7\u00e3o das medidas de redu\u00e7\u00e3o de custos de Fornos de Processo do Refino<\/h4>\n<\/li>\n<li>\n<h4>Divulga\u00e7\u00e3o de novas tecnologias de manuten\u00e7\u00e3o de tubula\u00e7\u00f5es e equipamentos, obtidas com a prospec\u00e7\u00e3o do mercado.<\/h4>\n<\/li>\n<li>\n<h4>Elabora\u00e7\u00e3o de procedimentos t\u00e9cnicos e apresenta\u00e7\u00e3o em encontros internos e externos a Petrobras<\/h4>\n<\/li>\n<li>\n<h4>Organiza\u00e7\u00e3o do <em>site <\/em>Equipamentos Est\u00e1ticos da Petrobras<\/h4>\n<\/li>\n<li>\n<h4>Coordena\u00e7\u00e3o de Semin\u00e1rios e Cursos T\u00e9cnicos: Permutadores de Placa, Juntas e Gaxetas de Veda\u00e7\u00e3o<\/h4>\n<\/li>\n<li>\n<h4>Participa\u00e7\u00e3o de an\u00e1lise e apoio na solu\u00e7\u00e3o de problemas ocorridos nas Refinarias da Petrobras, durante as campanhas das unidades de processo<\/h4>\n<\/li>\n<li>\n<h4>Docente no Curso de Forma\u00e7\u00e3o de T\u00e9cnicos de Manuten\u00e7\u00e3o da Petrobras<\/h4>\n<\/li>\n<li>\n<h4>Confec\u00e7\u00e3o apostila de Sele\u00e7\u00e3o e Especifica\u00e7\u00e3o de Materiais de Constru\u00e7\u00e3o de Vasos de Press\u00e3o e Tubula\u00e7\u00f5es Industriais<\/h4>\n<\/li>\n<li>\n<h4>Prepara\u00e7\u00e3o do procedimento de Teste de press\u00e3o hidrost\u00e1tico em V\u00e1lvulas de Seguran\u00e7a<\/h4>\n<\/li>\n<li>\n<h4>Avalia\u00e7\u00e3o de liga\u00e7\u00f5es flangeadas e de v\u00e1lvulas com e sem isolamento t\u00e9rmico<\/h4>\n<\/li>\n<\/ul>\n<h4>Na Petrobras aposentei-me ap\u00f3s 45 anos de trabalhos, no cargo de Eng\u00ba de Equipamentos S\u00eanior IV e, desde 2001, desempenhei a fun\u00e7\u00e3o de Consultor S\u00eanior de projetos de vasos de press\u00e3o e sistemas de tubula\u00e7\u00f5es industriais.<\/h4>\n<h4>Minhas compet\u00eancias e atribui\u00e7\u00f5es como Projetista e Consultor da \u00e1rea de projetos mec\u00e2nicos e estruturais inclu\u00edram: \u00a0An\u00e1lise de falhas e integridade estrutural; \u00a0Projeto mec\u00e2nico de Equipamentos de Caldeiraria; \u00a0Projeto mec\u00e2nico de Equipamentos T\u00e9rmicos; \u00a0Projeto mec\u00e2nico de tubula\u00e7\u00f5es; \u00a0Projeto estrutural; \u00a0Soldagem; \u00a0Pintura Industrial; \u00a0Manuten\u00e7\u00e3o e Reparos de Caldeiraria; \u00a0Manuten\u00e7\u00e3o Complementar; \u00a0Materiais de Caldeiraria; \u00a0Comissionamento de unidades industriais para partida; \u00a0Hiberna\u00e7\u00e3o e Preserva\u00e7\u00e3o de unidades industriais.<\/h4>\n<h4><\/h4>\n<h4><\/h4>\n","protected":false},"excerpt":{"rendered":"<p>Informa\u00e7\u00f5es acad\u00eamicas e profissionais sobre o autor, administrador e gestor do petroblog. <\/p>\n","protected":false},"author":1,"featured_media":0,"parent":0,"menu_order":0,"comment_status":"open","ping_status":"open","template":"","meta":{"footnotes":""},"class_list":["post-207","page","type-page","status-publish","hentry"],"aioseo_notices":[],"_links":{"self":[{"href":"https:\/\/www.petroblog.com.br\/index.php?rest_route=\/wp\/v2\/pages\/207"}],"collection":[{"href":"https:\/\/www.petroblog.com.br\/index.php?rest_route=\/wp\/v2\/pages"}],"about":[{"href":"https:\/\/www.petroblog.com.br\/index.php?rest_route=\/wp\/v2\/types\/page"}],"author":[{"embeddable":true,"href":"https:\/\/www.petroblog.com.br\/index.php?rest_route=\/wp\/v2\/users\/1"}],"replies":[{"embeddable":true,"href":"https:\/\/www.petroblog.com.br\/index.php?rest_route=%2Fwp%2Fv2%2Fcomments&post=207"}],"version-history":[{"count":33,"href":"https:\/\/www.petroblog.com.br\/index.php?rest_route=\/wp\/v2\/pages\/207\/revisions"}],"predecessor-version":[{"id":3040,"href":"https:\/\/www.petroblog.com.br\/index.php?rest_route=\/wp\/v2\/pages\/207\/revisions\/3040"}],"wp:attachment":[{"href":"https:\/\/www.petroblog.com.br\/index.php?rest_route=%2Fwp%2Fv2%2Fmedia&parent=207"}],"curies":[{"name":"wp","href":"https:\/\/api.w.org\/{rel}","templated":true}]}}