{"id":209,"date":"2014-03-04T15:58:50","date_gmt":"2014-03-04T15:58:50","guid":{"rendered":"http:\/\/aprendawordpress.com.br\/blog\/?page_id=209"},"modified":"2018-11-30T18:40:49","modified_gmt":"2018-11-30T18:40:49","slug":"curso-online-de-wordpress","status":"publish","type":"page","link":"https:\/\/www.petroblog.com.br\/?page_id=209","title":{"rendered":"Livros e Publica\u00e7\u00f5es T\u00e9cnicas"},"content":{"rendered":"<p style=\"text-align: left;\"><strong>I &#8211; Livros, manuais e publica\u00e7\u00f5es t\u00e9cnicas importantes para os usu\u00e1rios, projetistas e fabricantes de Vasos de Press\u00e3o\u00a0<\/strong><\/p>\n<p style=\"text-align: left;\">Colabora\u00e7\u00e3o do eng\u00ba Patr\u00edcio da Petrobras<\/p>\n<p style=\"text-align: left;\"><strong>1- Materiais construtivos de Vasos de Press\u00e3o<\/strong><\/p>\n<p style=\"text-align: left;\">Materiais para equipamentos de processo, P. C. Silva Telles<\/p>\n<p style=\"text-align: left;\">TELLES, P.C.S., 2003,<em> <strong>Materiais para Equipamentos de Processo<\/strong><\/em>, 6 ed, Rio de Janeiro, RJ, Interci\u00eancia.<\/p>\n<p style=\"text-align: left;\"><strong>2- Projeto Mec\u00e2nico de Vasos de Press\u00e3o<\/strong><\/p>\n<p style=\"text-align: left;\">TELLES, P.C.S., 1993, <strong><em>Vasos de Press\u00e3o<\/em><\/strong>, 2\u00aa ed, Rio de Janeiro, RJ, Livros t\u00e9cnicos e cient\u00edficos<\/p>\n<p style=\"text-align: left;\">James R. Farr and Maan H. Jaward, 2010, 4 \u00aa ed, <strong><em>Guide book for design of ASME Section VIII pressure vessel<\/em><\/strong><\/p>\n<p style=\"text-align: left;\">Dennis Moss and Michael Basic, 2013, 4\u00aa ed, <strong><em>Pressure Vessel Design Manual<\/em><\/strong><\/p>\n<p style=\"text-align: left;\">Henry H. Bednar,1991, 2\u00aaed, <strong><em>Pressure vessel<\/em><\/strong> <strong><em>Design handbook<\/em><\/strong><\/p>\n<p style=\"text-align: left;\">ASME PTB-1-2014, <strong><em>ASME Section VIII \u2013<\/em><\/strong> <strong><em>Division 2 Criteria and Commentary<\/em><\/strong><\/p>\n<p style=\"text-align: left;\">ASME PTB-2-2014, <strong><em>ASME Section VIII \u2013 Guide to Life Cycle Management of Pressure equipment integrity<\/em><\/strong><\/p>\n<p style=\"text-align: left;\">ASME PTB-3-2013, <strong><em>ASME Section VIII \u2013 Division 2 Example problem manual<\/em><\/strong><\/p>\n<p style=\"text-align: left;\">ASME PTB-4-2013, <strong><em>ASME Section VIII \u2013 Division 1 Example problem manual<\/em><\/strong><\/p>\n<p style=\"text-align: left;\">ASME PTB-5-2013, <strong><em>ASME Section VIII \u2013 Division 3 Example problem manual<\/em><\/strong><\/p>\n<p style=\"text-align: left;\">ASME PTB-7-2014, <strong><em>ASME Section VIII \u2013 Criteria for shell-and-tube heat exchangers according to part UHX of ASME Section VIII Division 1<\/em><\/strong><\/p>\n<p style=\"text-align: left;\">ASME PTB-10-2015<strong><em>, Guide to ASME VIII Division 1 Stamp Holdes<\/em><\/strong><\/p>\n<p style=\"text-align: left;\"><strong>3- Juntas de veda\u00e7\u00e3o industriais e liga\u00e7\u00f5es flangeadas<\/strong><\/p>\n<p style=\"text-align: left;\">Jose Carlos Veiga, Juntas Industriais,<\/p>\n<p style=\"text-align: left;\">TEADIT, (link para as publica\u00e7\u00f5es da TEADIT) <a href=\"http:\/\/www.teadit.com\/br\/index.php?option=com_content&amp;view=article&amp;id=158&amp;Itemid=117\">http:\/\/www.teadit.com\/br\/index.php?option=com_content&amp;view=article&amp;id=158&amp;Itemid=117<\/a><\/p>\n<p style=\"text-align: left;\"><strong>4- An\u00e1lise de tens\u00f5es atuantes em Vasos de Press\u00e3o \u00a0<\/strong><\/p>\n<p style=\"text-align: left;\">Warren C. Young and Richard Budynas, 2002, 7\u00aa ed, <strong><em>Roak\u2019s formulas for stress and Strain<\/em><\/strong><\/p>\n<p style=\"text-align: left;\">MACKENZIE, D., BOYLE, J.T., 1996, <strong><em>Pressure Vessel Design by analysis \u2013 A short course<\/em><\/strong>, In: SIBRAT 1996, Rio de Janeiro, RJ<\/p>\n<p style=\"text-align: left;\">KALNINS, A. and REINHARDT W., 2003, <strong><em>Do\u2019s and don\u2019ts in using elastic-plastic FEA for design by Sec III and SEC VIII Rules<\/em><\/strong>, in ASME Pressure Vessel and Piping Conference (PVP), PVPD-40 Tutorial Series, (Pressure Vessel and Piping Codes and Standards), Cleveland, OH.<\/p>\n<p style=\"text-align: left;\">SPENCE, J., TOOTH, A.S., 1994, <strong><em>Pressure vessel design: Concepts and principles<\/em><\/strong><em>, <\/em>1<sup>a<\/sup> ed., London, E&amp;FN Spon.<\/p>\n<p style=\"text-align: left;\"><strong>5- An\u00e1lise da Fadiga<\/strong><\/p>\n<p style=\"text-align: left;\">BRANCO, C.M., FERNANDES, A.A., CASTRO, P.M.S.T., 1986, <strong><em>Fadiga de Estruturas Soldadas<\/em><\/strong>, 1 ed., Lisboa, Funda\u00e7\u00e3o Calouste Gulbenkian.<\/p>\n<p style=\"text-align: left;\">Maddox, S.,1991, <strong><em>Fatigue Strength of Welded Structures<\/em><\/strong>. 2\u00aa Edi\u00e7\u00e3o. Lisboa, Funda\u00e7\u00e3o Calouste Gulbenkian.<\/p>\n<p style=\"text-align: left;\"><strong>6- An\u00e1lise de tens\u00f5es pelo M\u00e9todo de Elementos finitos<\/strong><\/p>\n<p style=\"text-align: left;\">Jacob Fish and Ted Belytschko, 2009, <strong><em>Um primeiro curso em elementos finitos<\/em><\/strong>, 1\u00aa ed, Livros T\u00e9cnicos e Cient\u00edficos<\/p>\n<p style=\"text-align: left;\">Francisco Merces de Mello e Paulo Castanheira, 2010, <strong><em>Elementos Finitos \u2013 Formula\u00e7\u00e3o Residual de Galerkin<\/em><\/strong>, 1\u00aa ed, Lisboa, Edi\u00e7\u00f5es S\u00edlabo<\/p>\n<p style=\"text-align: left;\">NAFEMS, Richard Tyrrel, 1993, <strong><em>How to \u2013 Buy finite element analysis service<\/em><\/strong><\/p>\n<p style=\"text-align: left;\">NAFEMS, D.Baguley and D.R. Hose, 1997, <strong><em>How to \u2013 Interpret finite element results<\/em><\/strong><\/p>\n<p style=\"text-align: left;\">NAFEMS, Travor Hellen, 2007, <strong><em>How to \u2013 Use beam, plate and shell elements<\/em><\/strong><\/p>\n<p style=\"text-align: left;\">NAFEMS, R.S. Ransing, S.J. Hardy and D.T. Gethin, 1999, <strong><em>How to \u2013 Undertake finite element based thermal analysis<\/em><\/strong><\/p>\n<p style=\"text-align: left;\">NAFEMS, Andrew D. Crocombe, 2001, <strong><em>How to \u2013 Tackle non-linear finite element analysis<\/em><\/strong><\/p>\n<p style=\"text-align: left;\">NAFEMS, Brian G. Falzon and Dennis Hitchings, 2006, <strong><em>An introduction to modelling buckling and collapse<\/em><\/strong><\/p>\n<p style=\"text-align: left;\">NAFEMS, N.W.M.Bishop and F. Sherratt, 2000, <strong><em>Finite element based fatigue calculation<\/em><\/strong><\/p>\n<p style=\"text-align: left;\">NAFEMS, A.A. Becker, 2001, <strong><em>Understanding non-linear finite element analysis through illustrative benchmarks<\/em><\/strong><\/p>\n<p style=\"text-align: left;\"><strong>II &#8211; Livros T\u00e9cnicos importantes para projeto, constru\u00e7\u00e3o, inspe\u00e7\u00e3o e testes de Equipamentos de Caldeiraria e Tubula\u00e7\u00f5es Industriais<\/strong><br \/>\n<strong>1- PERRY\u2019S CHEMICAL ENGINEERS\u2019 HANDBOOK<\/strong><br \/>\nAuthor: Robert H. Perry<br \/>\nCopyright by The McGraw-Hill Companies, Inc.<\/p>\n<p style=\"text-align: left;\"><strong>2-PRESSURE VESSEL DESIGN MANUAL\u00a0<\/strong><br \/>\nIllustrated procedures for solving major pressure vessel design problems<br \/>\nAuthor: Dennis R. Moss<br \/>\nCopyright 0 2004, Elsevier, Inc.<\/p>\n<p style=\"text-align: left;\"><strong>3-Tabelas e Gr\u00e1ficos para projetos de tubula\u00e7\u00e3o<\/strong><br \/>\nPedro C. Silva Telles<br \/>\nDarcy G. Paula Barros<\/p>\n<p style=\"text-align: left;\"><strong>4-Tubula\u00e7\u00f5es Industriais \u2013 Materiais, Projeto e Montagem<\/strong><br \/>\nPedro C. Silva Telles<\/p>\n<p style=\"text-align: left;\"><strong>5-Materiais para Equipamentos de Processo<\/strong><br \/>\nPedro C. Silva Telles<\/p>\n<p style=\"text-align: left;\"><strong>6-Tubula\u00e7\u00f5es Industriais \u2013 C\u00e1lculo<\/strong><br \/>\nPedro C. Silva Telles<\/p>\n<p style=\"text-align: left;\"><strong>7-Vasos de Press\u00e3o<\/strong><br \/>\nPedro C. Silva Telles<\/p>\n<p style=\"text-align: left;\"><strong>III- Livros sobre Seguran\u00e7a de Processo e Acidentes importantes \u00a0 \u00a0 \u00a0 \u00a0 \u00a0 \u00a0 \u00a0 \u00a0 \u00a0 \u00a0 \u00a0 \u00a0 \u00a0 \u00a0 \u00a0 \u00a0 \u00a0 \u00a0 \u00a0 \u00a0 \u00a0 \u00a0 \u00a0 \u00a0 \u00a0 \u00a0 \u00a0 \u00a0 \u00a0 \u00a0 <\/strong><\/p>\n<p style=\"text-align: left;\"><strong>\u00a01-Book :\u00a0LEARNING FROM ACCIDENTS \u00a0 \u00a0<\/strong><\/p>\n<p style=\"text-align: left;\">\u00a0http:\/\/nigc.ir\/portal\/File\/ShowFile.aspx?ID=095c6485-c55c-4862-bed7-cf5b6f235bff<\/p>\n<p style=\"text-align: left;\">\u00a0Trevor Kletz&#8217;s<\/p>\n<p>&nbsp;<\/p>\n","protected":false},"excerpt":{"rendered":"<p>Livros, manuais e publica\u00e7\u00f5es t\u00e9cnicas importantes para usu\u00e1rios, projetistas, montadores e fabricantes de Vasos de Press\u00e3o e Sistemas de Tubula\u00e7\u00f5es Industriais. <\/p>\n","protected":false},"author":1,"featured_media":0,"parent":0,"menu_order":0,"comment_status":"open","ping_status":"open","template":"","meta":{"footnotes":""},"class_list":["post-209","page","type-page","status-publish","hentry"],"aioseo_notices":[],"_links":{"self":[{"href":"https:\/\/www.petroblog.com.br\/index.php?rest_route=\/wp\/v2\/pages\/209"}],"collection":[{"href":"https:\/\/www.petroblog.com.br\/index.php?rest_route=\/wp\/v2\/pages"}],"about":[{"href":"https:\/\/www.petroblog.com.br\/index.php?rest_route=\/wp\/v2\/types\/page"}],"author":[{"embeddable":true,"href":"https:\/\/www.petroblog.com.br\/index.php?rest_route=\/wp\/v2\/users\/1"}],"replies":[{"embeddable":true,"href":"https:\/\/www.petroblog.com.br\/index.php?rest_route=%2Fwp%2Fv2%2Fcomments&post=209"}],"version-history":[{"count":13,"href":"https:\/\/www.petroblog.com.br\/index.php?rest_route=\/wp\/v2\/pages\/209\/revisions"}],"predecessor-version":[{"id":2553,"href":"https:\/\/www.petroblog.com.br\/index.php?rest_route=\/wp\/v2\/pages\/209\/revisions\/2553"}],"wp:attachment":[{"href":"https:\/\/www.petroblog.com.br\/index.php?rest_route=%2Fwp%2Fv2%2Fmedia&parent=209"}],"curies":[{"name":"wp","href":"https:\/\/api.w.org\/{rel}","templated":true}]}}