{"id":413,"date":"2014-04-03T12:59:58","date_gmt":"2014-04-03T12:59:58","guid":{"rendered":"http:\/\/aprendawordpress.com.br\/blog\/?page_id=413"},"modified":"2019-06-09T22:39:07","modified_gmt":"2019-06-09T22:39:07","slug":"assinar","status":"publish","type":"page","link":"https:\/\/www.petroblog.com.br\/?page_id=413","title":{"rendered":"\u00cdndice"},"content":{"rendered":"","protected":false},"excerpt":{"rendered":"<p>Aprenda Wordpress atrav\u00e9s de PostClasses (aulas sequenciais) e acesse conte\u00fados avan\u00e7ados exclusivos.<\/p>\n","protected":false},"author":1,"featured_media":0,"parent":0,"menu_order":0,"comment_status":"open","ping_status":"open","template":"site-map.php","meta":{"footnotes":""},"class_list":["post-413","page","type-page","status-publish","hentry"],"aioseo_notices":[],"_links":{"self":[{"href":"https:\/\/www.petroblog.com.br\/index.php?rest_route=\/wp\/v2\/pages\/413"}],"collection":[{"href":"https:\/\/www.petroblog.com.br\/index.php?rest_route=\/wp\/v2\/pages"}],"about":[{"href":"https:\/\/www.petroblog.com.br\/index.php?rest_route=\/wp\/v2\/types\/page"}],"author":[{"embeddable":true,"href":"https:\/\/www.petroblog.com.br\/index.php?rest_route=\/wp\/v2\/users\/1"}],"replies":[{"embeddable":true,"href":"https:\/\/www.petroblog.com.br\/index.php?rest_route=%2Fwp%2Fv2%2Fcomments&post=413"}],"version-history":[{"count":2,"href":"https:\/\/www.petroblog.com.br\/index.php?rest_route=\/wp\/v2\/pages\/413\/revisions"}],"predecessor-version":[{"id":486,"href":"https:\/\/www.petroblog.com.br\/index.php?rest_route=\/wp\/v2\/pages\/413\/revisions\/486"}],"wp:attachment":[{"href":"https:\/\/www.petroblog.com.br\/index.php?rest_route=%2Fwp%2Fv2%2Fmedia&parent=413"}],"curies":[{"name":"wp","href":"https:\/\/api.w.org\/{rel}","templated":true}]}}