{"id":492,"date":"2015-09-25T20:56:47","date_gmt":"2015-09-25T20:56:47","guid":{"rendered":"http:\/\/www.petroblog.com.br\/?page_id=492"},"modified":"2021-06-09T13:15:53","modified_gmt":"2021-06-09T13:15:53","slug":"eu-recomendo","status":"publish","type":"page","link":"https:\/\/www.petroblog.com.br\/?page_id=492","title":{"rendered":"Eu Recomendo!"},"content":{"rendered":"<h1>Endere\u00e7os de links importantes:<\/h1>\r\n<h3>O objetivo dessa p\u00e1gina \u00e9\u00a0divulgar os endere\u00e7os de links que cont\u00eam material de interesse e complementar, sobre equipamentos de caldeiraria e sistemas de tubula\u00e7\u00f5es industriais.<\/h3>\r\n<h3><strong>1- B<\/strong>logTek\u00a0\u2013\u00a0<a href=\"http:\/\/blogtek.com.br\/\">http:\/\/blogtek.com.br\/<\/a><\/h3>\r\n<h3>2- \u00a0 Normas Regulamentadoras do Minist\u00e9rio do Trabalho e Emprego http:\/\/trabalho.gov.br\/seguranca-e-saude-no-trabalho\/normatizacao\/normas-regulamentadoras<\/h3>\r\n<h3><strong>3- Norma Regulamentadora NR-13 Caldeiras e Vasos de press\u00e3o h<\/strong>ttp:\/\/trabalho.gov.br\/seguranca-e-saude-no-trabalho\/normatizacao\/normas-regulamentadoras\/norma-regulamentadora-n-13-caldeiras-vasos-de-pressao-e-tubulacoes<\/h3>\r\n<h3 data-wpview-marker=\"http%3A%2F%2Ftrabalho.gov.br%2Fseguranca-e-saude-no-trabalho%2Fnormatizacao%2Fnormas-regulamentadoras%2Fnorma-regulamentadora-n-13-caldeiras-vasos-de-pressao-e-tubulacoes\"><strong>4-<\/strong><strong>Norma Regulamentadora NR-13 Caldeiras, Vasos de Press\u00e3o, Tubula\u00e7\u00f5es e Tanques Met\u00e1licos de Armazenamento &#8211; \u00a0<\/strong><strong>https:\/\/enit.trabalho.gov.br\/portal\/images\/Arquivos_SST\/SST_NR\/NR-13.pdf<\/strong><\/h3>\r\n<h3><strong>5- Perguntas e Respostas sobre a Nr-13 \u00a0 \u00a0 \u00a0 \u00a0 \u00a0 \u00a0 \u00a0 \u00a0 \u00a0 \u00a0 \u00a0 \u00a0 \u00a0 \u00a0 \u00a0 \u00a0 \u00a0 \u00a0 \u00a0 \u00a0 \u00a0 \u00a0 \u00a0 \u00a0 \u00a0 \u00a0 \u00a0 \u00a0 \u00a0 \u00a0\u00a0\u00a0\u00a0\u00a0\u00a0\u00a0\u00a0\u00a0\u00a0\u00a0\u00a0\u00a0\u00a0\u00a0\u00a0\u00a0\u00a0\u00a0\u00a0\u00a0\u00a0\u00a0\u00a0\u00a0\u00a0\u00a0\u00a0\u00a0\u00a0\u00a0\u00a0\u00a0\u00a0\u00a0\u00a0\u00a0\u00a0\u00a0\u00a0\u00a0\u00a0\u00a0\u00a0\u00a0\u00a0\u00a0\u00a0\u00a0\u00a0\u00a0\u00a0\u00a0\u00a0\u00a0\u00a0\u00a0\u00a0\u00a0\u00a0\u00a0\u00a0\u00a0\u00a0\u00a0\u00a0\u00a0\u00a0\u00a0\u00a0\u00a0\u00a0\u00a0\u00a0\u00a0\u00a0\u00a0\u00a0\u00a0\u00a0\u00a0\u00a0\u00a0\u00a0\u00a0\u00a0\u00a0\u00a0\u00a0\u00a0\u00a0\u00a0\u00a0\u00a0\u00a0\u00a0\u00a0\u00a0\u00a0 <\/strong><strong><u>https:\/\/enit.trabalho.gov.br\/portal\/images\/Arquivos_SST\/SST_Publicacao_e_Manual\/CGNOR&#8212;PERGUNTAS-E-RESPOSTAS-DA-NR-13.pdf<\/u><\/strong><\/h3>\r\n<h3 data-wpview-marker=\"http%3A%2F%2Ftrabalho.gov.br%2Fseguranca-e-saude-no-trabalho%2Fnormatizacao%2Fnormas-regulamentadoras%2Fnorma-regulamentadora-n-13-caldeiras-vasos-de-pressao-e-tubulacoes\"><strong>6- Normas T\u00e9cnicas Petrobras \u2013 NTP &#8211; classificadas como p\u00fablicas: <\/strong>https:\/\/canalfornecedor.petrobras.com.br\/pt\/regras-de-contratacao\/catalogo-de-padronizacao\/<\/h3>\r\n<h3><strong>7-<\/strong> Inspe\u00e7\u00e3o de Equipamentos \u2013 Estudo de Casos\u00a0 \u00a0 \u00a0\u00a0 <a href=\"http:\/\/inspecaoequipto.blogspot.com.br\/\">http:\/\/inspecaoequipto.blogspot.com.br\/<\/a><\/h3>\r\n<h3>8- Equipamentos est\u00e1ticos\u00a0 <a href=\"http:\/\/www.ebah.com.br\/content\/ABAAAeqeEAH\/equipamentos-estaticos-petrobras\">http:\/\/www.ebah.com.br\/content\/ABAAAeqeEAH\/equipamentos-estaticos-petrobras<\/a><\/h3>\r\n<h3>9-<span style=\"color: #000000;\">\u00a0<a style=\"color: #000000;\" href=\"http:\/\/www.petroblog.com.br\/wp-content\/uploads\/Manual-T%C3%A9cnico-Caldeiraria-e-Tubula%C3%A7%C3%A3o-Petrobras_REPLAN.pdf\">Manual T\u00e9cnico Caldeiraria e Tubula\u00e7\u00e3o Petrobras_REPLAN<\/a><\/span><\/h3>\r\n<h3 id=\"page-title\">10- Alertas de seguran\u00e7a BEACON \u00a0&#8211; \u00a0Process Safety Beacon <span style=\"color: #008080;\">http:\/\/www.aiche.org\/ccps\/resources\/process-safety-beacon<\/span><\/h3>\r\n<h3>11- Dicion\u00e1rio de termos t\u00e9cnicos\u00a0 <a href=\"http:\/\/www.petroblog.com.br\/wp-content\/uploads\/Dicion\u00e1rio-termos-t\u00e9cnicos.xls\">Dicion\u00e1rio termos t\u00e9cnicos<\/a><\/h3>\r\n<h3>12- Assunto: Seguran\u00e7a de Processos\u00a0 Livro: DIRETRIZES PARA SEGURAN\u00c7A DE PROCESSOS BASEADA EM RISCO \u00a0 \u00a0 \u00a0\u200bTrata-se de uma tradu\u00e7\u00e3o de livro do CCPS (Center for Chemical Process Safety\u200b) patrocinada pela PETROBRAS e publicada pela Editora Interci\u00eancia.\u00a0 <span style=\"color: #008080;\">https:\/\/www.editorainterciencia.com.br\/index.asp?pg=prodDetalhado.asp&amp;idprod=338&amp;token=<\/span><\/h3>\r\n<h3>13- Entidade ligada \u00e0 Seguran\u00e7a de Processos: CSB &#8211; Chemical Safety Board &#8211; Org\u00e3o do governo americano que analisa com profundidade acidentes de processo com o intuito de aprendizado. A cada acidente analisado \u00e9 disponibilizada uma anima\u00e7\u00e3o gr\u00e1fica que explica \u201co que\u201d e \u201ccomo\u201d ocorreu. \u00a0 <a href=\"http:\/\/www.csb.gov\/\">http:\/\/www.csb.gov\/<\/a><\/h3>\r\n<h3><strong>14- Recomendo o site <a href=\"http:\/\/leadloversclick05.com\/redirect\/redirect.aspx?A=R&amp;l=DACAEC9E-A9C1-4B2E-88B2-503E8495C5A8&amp;u=0b2011b6-f16b-4291-9cb4-9d38717faeef\">www.treinarsempre.com.br<\/a><u>\u00a0\u00a0<\/u>sobre A\u00e7o Inoxid\u00e1vel da dupla de pesquisadores: Adayr Borro Junior &#8211; Doutor em Eng\u00aa de Materiais &#8211; USP Adayr Borro\u00a0 <span style=\"color: #0000ff;\">&lt;adayr@treinarsempre.com.br&gt;<\/span> e Eng\u00ba Decio Pay\u00e3o Rodrigues &#8211; \u00a0DNF Brasil\u00a0 <\/strong><strong>&lt;decio@dnfbrasil.com.br&gt;.\u00a0 <\/strong><strong>\u00c9 bem did\u00e1tico e com uma linguagem t\u00e9cnica acess\u00edvel a iniciantes.\u00a0\u00a0\u00a0\u00a0\u00a0\u00a0\u00a0\u00a0\u00a0\u00a0\u00a0\u00a0\u00a0\u00a0\u00a0\u00a0\u00a0\u00a0\u00a0\u00a0\u00a0\u00a0\u00a0\u00a0\u00a0\u00a0\u00a0\u00a0\u00a0 <\/strong><\/h3>\r\n<h3><strong>15- Site sobre projeto de sistemas de tubula\u00e7\u00f5es industriais <span style=\"color: #0000ff;\">http:\/\/www.piping-designer.com\/index.php<\/span><\/strong><\/h3>\r\n<h3><strong>16- Blog Manuten\u00e7\u00e3o em foco: o<\/strong> foco \u00e9 gest\u00e3o de pessoal e manuten\u00e7\u00e3o de ativos <span style=\"color: #0000ff;\">https:\/\/www.manutencaoemfoco.com.br\/<\/span><\/h3>\r\n<h3>17- F\u00f3rum Tank Blanketing and Venting sobre prote\u00e7\u00e3o de tanques de armazenamento internacional e \u00e9 bem elucidativo. <a href=\"http:\/\/www.cheresources.com\/invision\/forum\/23-tank-blanketing-and-venting\/\">http:\/\/www.cheresources.com\/invision\/forum\/23-tank-blanketing-and-venting\/<\/a><\/h3>\r\n<h3><strong>18- Process Safety Beacon &#8211; Informa\u00e7\u00e3o sobre Alertas de Seguran\u00e7a de Processo\u00a0\u00a0\u00a0\u00a0\u00a0\u00a0\u00a0\u00a0\u00a0\u00a0\u00a0\u00a0\u00a0\u00a0\u00a0\u00a0\u00a0\u00a0\u00a0\u00a0\u00a0\u00a0\u00a0\u00a0\u00a0\u00a0\u00a0\u00a0\u00a0\u00a0\u00a0\u00a0\u00a0\u00a0\u00a0\u00a0\u00a0\u00a0\u00a0\u00a0\u00a0\u00a0\u00a0\u00a0\u00a0\u00a0\u00a0\u00a0\u00a0\u00a0\u00a0\u00a0\u00a0\u00a0\u00a0\u00a0\u00a0\u00a0\u00a0\u00a0\u00a0\u00a0\u00a0\u00a0\u00a0\u00a0 <\/strong><strong><u>https:\/\/www.aiche.org\/sites\/default\/files\/docs\/pages\/PortugueseBrazilBeaconInformation.pdf<\/u><\/strong><\/h3>\r\n<h3><strong>19- <\/strong><strong>Os dispositivos de seguran\u00e7a, tipo v\u00e1lvulas de al\u00edvio, v\u00e1lvulas de seguran\u00e7a e v\u00e1lvulas de seguran\u00e7a e al\u00edvio e discos de ruptura, que possuem certifica\u00e7\u00e3o de desempenho dada pelo National Board e Selo ASME, est\u00e3o cadastrados no documento <em>National Board Pressure\u00a0\u00a0\u00a0\u00a0\u00a0\u00a0\u00a0\u00a0\u00a0\u00a0\u00a0\u00a0\u00a0\u00a0\u00a0\u00a0\u00a0\u00a0\u00a0\u00a0\u00a0\u00a0\u00a0\u00a0\u00a0\u00a0\u00a0\u00a0\u00a0\u00a0\u00a0\u00a0\u00a0\u00a0\u00a0\u00a0\u00a0\u00a0\u00a0\u00a0\u00a0\u00a0\u00a0\u00a0\u00a0\u00a0\u00a0\u00a0\u00a0\u00a0\u00a0\u00a0\u00a0\u00a0\u00a0\u00a0\u00a0\u00a0\u00a0\u00a0\u00a0\u00a0\u00a0\u00a0\u00a0\u00a0\u00a0\u00a0\u00a0\u00a0\u00a0\u00a0\u00a0\u00a0\u00a0\u00a0\u00a0\u00a0\u00a0\u00a0\u00a0\u00a0\u00a0\u00a0\u00a0\u00a0\u00a0\u00a0\u00a0\u00a0\u00a0\u00a0\u00a0\u00a0\u00a0\u00a0\u00a0\u00a0\u00a0\u00a0\u00a0\u00a0\u00a0\u00a0\u00a0\u00a0\u00a0\u00a0\u00a0\u00a0\u00a0\u00a0\u00a0\u00a0\u00a0\u00a0\u00a0\u00a0\u00a0\u00a0\u00a0\u00a0\u00a0\u00a0\u00a0\u00a0\u00a0\u00a0\u00a0\u00a0\u00a0\u00a0\u00a0\u00a0\u00a0\u00a0\u00a0\u00a0\u00a0\u00a0\u00a0\u00a0\u00a0\u00a0\u00a0\u00a0\u00a0\u00a0\u00a0\u00a0\u00a0\u00a0\u00a0\u00a0\u00a0\u00a0 <\/em><\/strong><strong><em>Relief Device Certifications NB-18 <\/em><\/strong><strong>no site; <\/strong><strong><u>https:\/\/www.nationalboard.org\/SiteDocuments\/NB18\/NB18.pdf<\/u><\/strong><\/h3>\r\n<h3><strong>20-\u00a0<span style=\"font-size: large;\">Consultoria em Engenharia Van S\u00f6sthenes\u00a0 \u00a0 \u00a0 \u00a0 \u00a0 \u00a0 \u00a0 \u00a0 <\/span><\/strong><strong><span style=\"font-size: large;\">https:\/\/vansosthenes.com.br\/sobre\/\u00a0 \u00a0 \u00a0 \u00a0 \u00a0 \u00a0 \u00a0 \u00a0 \u00a0 \u00a0 \u00a0 \u00a0 \u00a0 \u00a0 \u00a0 \u00a0 \u00a0 \u00a0 \u00a0 \u00a0 \u00a0 <\/span><\/strong><strong><span style=\"font-size: large;\">https:\/\/vansosthenes.com.br\/eng-hermano-cezar-medaber-jambo\/\u00a0<br \/><\/span><\/strong><\/h3>\r\n<div><strong><span style=\"font-size: large;\">Respons\u00e1vel: Eng\u00ba Hermano Cezar Medaber Jambo\u00a0\u00a0<\/span><\/strong><\/div>\r\n<div><strong><span style=\"font-size: large;\">email\u00a0:\u00a0<a href=\"mailto:contato@vansosthenes.com.br\">contato@vansosthenes.com.br<\/a><\/span><\/strong><\/div>\r\n<div><strong><span style=\"font-size: large;\">\u00c1reas\u00a0 de atua\u00e7\u00e3o: Corros\u00e3o e Deteriora\u00e7\u00e3o, An\u00e1lise de integridade, Sele\u00e7\u00e3o de Materiais e Soldagem, Inspe\u00e7\u00e3o de equipamentos &#8211;\u00a0 SPIE, Treinamentos, Hiberna\u00e7\u00e3o, Prote\u00e7\u00e3o cat\u00f3dica<\/span><\/strong><\/div>\r\n<div>\u00a0<\/div>\r\n<h3><strong>\u00a0<\/strong><\/h3>\r\n<h3><strong>\u00a0<\/strong><\/h3>\r\n\r\n<p>&nbsp;<\/p>\r\n\r\n\r\n\r\n<p>&nbsp;<\/p>\r\n\r\n\r\n\r\n<p>&nbsp;<\/p>\r\n","protected":false},"excerpt":{"rendered":"<p>O objetivo dessa p\u00e1gina \u00e9 divulgar os endere\u00e7os de links que cont\u00eam material de interesse e complementar, sobre equipamentos de caldeiraria e sistemas de tubula\u00e7\u00f5es industriais.<\/p>\n","protected":false},"author":1,"featured_media":0,"parent":0,"menu_order":0,"comment_status":"closed","ping_status":"closed","template":"","meta":{"footnotes":""},"class_list":["post-492","page","type-page","status-publish","hentry"],"aioseo_notices":[],"_links":{"self":[{"href":"https:\/\/www.petroblog.com.br\/index.php?rest_route=\/wp\/v2\/pages\/492"}],"collection":[{"href":"https:\/\/www.petroblog.com.br\/index.php?rest_route=\/wp\/v2\/pages"}],"about":[{"href":"https:\/\/www.petroblog.com.br\/index.php?rest_route=\/wp\/v2\/types\/page"}],"author":[{"embeddable":true,"href":"https:\/\/www.petroblog.com.br\/index.php?rest_route=\/wp\/v2\/users\/1"}],"replies":[{"embeddable":true,"href":"https:\/\/www.petroblog.com.br\/index.php?rest_route=%2Fwp%2Fv2%2Fcomments&post=492"}],"version-history":[{"count":53,"href":"https:\/\/www.petroblog.com.br\/index.php?rest_route=\/wp\/v2\/pages\/492\/revisions"}],"predecessor-version":[{"id":2731,"href":"https:\/\/www.petroblog.com.br\/index.php?rest_route=\/wp\/v2\/pages\/492\/revisions\/2731"}],"wp:attachment":[{"href":"https:\/\/www.petroblog.com.br\/index.php?rest_route=%2Fwp%2Fv2%2Fmedia&parent=492"}],"curies":[{"name":"wp","href":"https:\/\/api.w.org\/{rel}","templated":true}]}}